{"id":3782,"date":"2021-10-14T15:46:36","date_gmt":"2021-10-14T13:46:36","guid":{"rendered":"https:\/\/fertiliberica.es\/politica-de-privacidade\/"},"modified":"2025-02-26T18:41:59","modified_gmt":"2025-02-26T17:41:59","slug":"politica-de-privacidade","status":"publish","type":"page","link":"https:\/\/fertiliberica.es\/pt-pt\/politica-de-privacidade\/","title":{"rendered":"Pol\u00edtica de privacidade"},"content":{"rendered":"\t\t<div data-elementor-type=\"wp-page\" data-elementor-id=\"3782\" class=\"elementor elementor-3782 elementor-38\" data-elementor-post-type=\"page\">\n\t\t\t\t\t\t<section class=\"elementor-section elementor-top-section elementor-element elementor-element-8006250 elementor-section-boxed elementor-section-height-default elementor-section-height-default\" data-id=\"8006250\" data-element_type=\"section\" data-e-type=\"section\">\n\t\t\t\t\t\t<div class=\"elementor-container elementor-column-gap-default\">\n\t\t\t\t\t<div class=\"elementor-column elementor-col-100 elementor-top-column elementor-element elementor-element-46da4cf\" data-id=\"46da4cf\" data-element_type=\"column\" data-e-type=\"column\">\n\t\t\t<div class=\"elementor-widget-wrap elementor-element-populated\">\n\t\t\t\t\t\t<div class=\"elementor-element elementor-element-46cf0d7 elementor-widget elementor-widget-heading\" data-id=\"46cf0d7\" data-element_type=\"widget\" data-e-type=\"widget\" data-widget_type=\"heading.default\">\n\t\t\t\t<div class=\"elementor-widget-container\">\n\t\t\t\t\t<h2 class=\"elementor-heading-title elementor-size-default\">POL\u00cdTICA DE PRIVACIDADE<\/h2>\t\t\t\t<\/div>\n\t\t\t\t<\/div>\n\t\t\t\t<div class=\"elementor-element elementor-element-4757770 elementor-widget elementor-widget-text-editor\" data-id=\"4757770\" data-element_type=\"widget\" data-e-type=\"widget\" data-widget_type=\"text-editor.default\">\n\t\t\t\t<div class=\"elementor-widget-container\">\n\t\t\t\t\t\t\t\t\t<p>Se est\u00e1 aqui, \u00e9 porque quer saber mais sobre as suas obriga\u00e7\u00f5es e direitos enquanto utilizador deste s\u00edtio web<strong><\/strong> e isso \u00e9 bom. O nosso dever \u00e9 inform\u00e1-lo e o seu \u00e9 estar devidamente informado.<\/p>\n<p>Na presente Pol\u00edtica de Privacidade, inform\u00e1-lo-emos com total transpar\u00eancia sobre a finalidade deste s\u00edtio Web e tudo o que afecta os dados que nos fornece, bem como as obriga\u00e7\u00f5es e direitos que lhe correspondem.<\/p>\n<p>Para come\u00e7ar, deve saber que este s\u00edtio Web est\u00e1 adaptado \u00e0 regulamenta\u00e7\u00e3o em vigor em mat\u00e9ria de prote\u00e7\u00e3o de dados, o que afecta os dados pessoais que nos fornece com o seu consentimento expresso e os cookies que utilizamos para que este s\u00edtio Web possa funcionar corretamente e realizar a sua atividade.<\/p>\n<p>Especificamente, este s\u00edtio Web est\u00e1 em conformidade com os seguintes regulamentos:<\/p>\n<p>O <b>RGPD<\/b> <b>(Regulamento (UE) 2016\/679 do Parlamento Europeu e do Conselho, de 27 de abril de 2016, relativo \u00e0 prote\u00e7\u00e3o das pessoas singulares)<\/b> \u00e9 o novo regulamento da Uni\u00e3o Europeia que unifica a regulamenta\u00e7\u00e3o do tratamento de dados pessoais nos diferentes pa\u00edses da UE.<\/p>\n<p>A <b>LOPD<\/b> <b>(Lei Org\u00e2nica 15\/1999, de 13 de dezembro, de Prote\u00e7\u00e3o de Dados de Car\u00e1cter Pessoal<\/b> e <b>Real Decreto 1720\/2007, de 21 de dezembro, Regulamento de desenvolvimento da LOPD)<\/b> que regula o tratamento de dados pessoais e as obriga\u00e7\u00f5es que os respons\u00e1veis de um s\u00edtio Web ou blogue devem assumir na gest\u00e3o desta informa\u00e7\u00e3o.<\/p>\n<p>A <b>LSSI<\/b> <b>(Lei 34\/2002, de 11 de julho, sobre Servi\u00e7os da Sociedade da Informa\u00e7\u00e3o e Com\u00e9rcio Eletr\u00f3nico)<\/b> que regula as transac\u00e7\u00f5es econ\u00f3micas por meios electr\u00f3nicos, como \u00e9 o caso deste blogue.<\/p>\n<p><b>DADOS DE IDENTIFICA\u00c7\u00c3O<\/b><\/p>\n<p>O respons\u00e1vel e propriet\u00e1rio deste s\u00edtio Web \u00e9 <strong><\/strong><\/p>\n<ul>\n<li><b>Nome:<\/b> <\/li>\n<li><b>NIF:<\/b> <\/li>\n<li><b>Sede social:<\/b> <\/li>\n<li><b>Atividade do s\u00edtio Web:<\/b> distribui\u00e7\u00e3o de conte\u00fados relacionados com <strong><\/strong> publicidade de visualiza\u00e7\u00e3o e recomenda\u00e7\u00e3o de produtos de afiliados.<\/li>\n<li><b>Correio eletr\u00f3nico: <\/b> <\/li>\n<\/ul>\n<p>Os dados que nos facultar com o seu consentimento, e de acordo com a utiliza\u00e7\u00e3o estabelecida na nossa Pol\u00edtica de Privacidade, ser\u00e3o incorporados num ficheiro automatizado devidamente registado na Ag\u00eancia Espanhola de Prote\u00e7\u00e3o de Dados, cujo respons\u00e1vel \u00e9: <strong><\/strong> <b>Isto<\/b> significa que os seus dados est\u00e3o seguros, de acordo com as disposi\u00e7\u00f5es da lei.<\/p>\n<p>Os dados pessoais que nos fornecer, com o seu consentimento expresso, ser\u00e3o armazenados e processados para os fins definidos e descritos abaixo na presente Pol\u00edtica de Privacidade, at\u00e9 ao momento em que nos solicitar a sua elimina\u00e7\u00e3o<b>.<\/b><\/p>\n<p>Informamos que a presente Pol\u00edtica de Privacidade pode ser modificada a qualquer momento, a fim de a adaptar a novas legisla\u00e7\u00f5es ou a altera\u00e7\u00f5es nas nossas actividades, estando sempre em vigor a que \u00e9 publicada no s\u00edtio Web. Ser\u00e1 notificado da referida modifica\u00e7\u00e3o antes da sua aplica\u00e7\u00e3o. <\/p>\n<p><b>CONDI\u00c7\u00d5ES DE UTILIZA\u00c7\u00c3O<\/b><\/p>\n<p>Deve saber, para sua tranquilidade, que lhe pediremos sempre o seu consentimento expresso para recolher os seus dados para a finalidade correspondente especificada em cada caso, o que implica que, se der esse consentimento, leu e aceitou a presente Pol\u00edtica de Privacidade<b>.<\/b><\/p>\n<p>Ao aceder e utilizar este s\u00edtio Web, o utilizador assume o seu estatuto de utilizador com os correspondentes direitos e obriga\u00e7\u00f5es.<\/p>\n<p>Se tiver mais de 13 anos de idade, pode registar-se como utilizador deste s\u00edtio Web sem o consentimento pr\u00e9vio dos seus pais ou tutores.<\/p>\n<p>Se tiver menos de 13 anos, precisar\u00e1 do consentimento dos seus pais ou tutores para o tratamento dos seus dados pessoais.<\/p>\n<p><b>REGISTO E FINALIDADE DOS SEUS DADOS<\/b><\/p>\n<p>Consoante o formul\u00e1rio ou a sec\u00e7\u00e3o a que acede, apenas lhe pediremos os dados necess\u00e1rios para os fins abaixo descritos. O utilizador deve sempre dar o seu consentimento expresso quando solicitamos informa\u00e7\u00f5es pessoais para os seguintes fins: <\/p>\n<ul>\n<li>As finalidades espec\u00edficas que s\u00e3o particularmente indicadas em cada uma das p\u00e1ginas ou sec\u00e7\u00f5es onde aparece o formul\u00e1rio de registo ou de contacto eletr\u00f3nico.<\/li>\n<li>Em geral, para dar resposta aos seus pedidos, coment\u00e1rios, consultas ou qualquer outro tipo de pedido que fa\u00e7a como utilizador atrav\u00e9s de qualquer um dos formul\u00e1rios de contacto que colocamos \u00e0 sua disposi\u00e7\u00e3o<\/li>\n<li>Para o informar sobre quest\u00f5es, pedidos, actividades, produtos, not\u00edcias e\/ou servi\u00e7os; por correio eletr\u00f3nico, fax, Whatsapp, Skype, telefone fornecido, sms e mms.<\/li>\n<li>Para lhe enviar comunica\u00e7\u00f5es comerciais ou publicit\u00e1rias por quaisquer outros meios electr\u00f3nicos ou f\u00edsicos que permitam a realiza\u00e7\u00e3o de comunica\u00e7\u00f5es.<\/li>\n<\/ul>\n<p>Estas comunica\u00e7\u00f5es estar\u00e3o sempre relacionadas com os nossos produtos, servi\u00e7os, not\u00edcias ou promo\u00e7\u00f5es, bem como com os produtos ou servi\u00e7os que possamos considerar de interesse para o utilizador e que possam ser oferecidos por colaboradores, empresas ou parceiros com os quais tenhamos acordos de promo\u00e7\u00e3o ou colabora\u00e7\u00e3o comercial.<\/p>\n<p>Em caso afirmativo, garantimos que estes terceiros nunca ter\u00e3o acesso aos seus dados pessoais, com as excep\u00e7\u00f5es abaixo indicadas, sendo em qualquer caso estas comunica\u00e7\u00f5es efectuadas por <strong>,<\/strong> <b>enquanto propriet\u00e1rio do s\u00edtio Web.<\/b><\/p>\n<p>Este s\u00edtio Web apresenta produtos de afiliados de terceiros. Especificamente, <b>acess\u00f3rios para computadores. <\/b> <\/p>\n<p>Isto significa que quando clicar em \u201cComprar agora\u201d ou semelhante, ser\u00e1 redireccionado para a p\u00e1gina onde os produtos s\u00e3o oferecidos.<\/p>\n<p>Neste caso, deve saber que apenas fornecemos e facilitamos os links para as p\u00e1ginas e\/ou plataformas desses terceiros onde os produtos que mostramos podem ser adquiridos, de modo a facilitar a pesquisa e a f\u00e1cil aquisi\u00e7\u00e3o dos mesmos.<\/p>\n<p>Estas p\u00e1ginas ligadas pertencentes a terceiros n\u00e3o foram revistas e n\u00e3o est\u00e3o sujeitas a controlos ou recomenda\u00e7\u00f5es da nossa parte, pelo que, em caso algum, <strong><\/strong><b> <\/b> ser\u00e1 respons\u00e1vel pelos conte\u00fados desses sites, pelas responsabilidades decorrentes da sua utiliza\u00e7\u00e3o em todos os dom\u00ednios, nem pelas medidas tomadas em mat\u00e9ria de privacidade dos utilizadores, tratamento de dados pessoais ou outras que possam ser estabelecidas.<\/p>\n<p>Por conseguinte, recomendamos que leia atentamente e com anteced\u00eancia todas as condi\u00e7\u00f5es de utiliza\u00e7\u00e3o, condi\u00e7\u00f5es de compra, pol\u00edticas de privacidade, avisos legais e\/ou avisos semelhantes desses s\u00edtios ligados antes de proceder \u00e0 compra desses produtos ou \u00e0 utiliza\u00e7\u00e3o dos s\u00edtios Web.<\/p>\n<p><b>EXACTID\u00c3O E VERACIDADE DOS DADOS<\/b><\/p>\n<p>Enquanto utilizador, o utilizador \u00e9 o \u00fanico respons\u00e1vel pela veracidade e modifica\u00e7\u00e3o dos dados que submete ao <strong><\/strong>, exonerando-nos de qualquer responsabilidade a este respeito.<\/p>\n<p>Por outras palavras, o utilizador \u00e9 respons\u00e1vel, em qualquer caso, pela exatid\u00e3o, validade e autenticidade dos dados pessoais fornecidos e compromete-se a mant\u00ea-los devidamente actualizados.<\/p>\n<p>Tal como indicado na presente Pol\u00edtica de Privacidade, o utilizador concorda em fornecer informa\u00e7\u00f5es completas e corretas no formul\u00e1rio de contacto ou de subscri\u00e7\u00e3o.<\/p>\n<p><b>CANCELAMENTO DE SUBSCRI\u00c7\u00d5ES E DIREITO DE REVOGA\u00c7\u00c3O<\/b><\/p>\n<p>Como titular dos dados que nos forneceu, pode, a qualquer momento, exercer os seus direitos de acesso, retifica\u00e7\u00e3o, cancelamento e oposi\u00e7\u00e3o, enviando-nos uma mensagem de correio eletr\u00f3nico para<b><strong><\/strong><\/b>e anexando uma fotoc\u00f3pia do teu documento de identidade como prova v\u00e1lida.<\/p>\n<p>Da mesma forma, pode cancelar a sua inscri\u00e7\u00e3o em qualquer altura para deixar de receber a nossa newsletter ou qualquer outra comunica\u00e7\u00e3o comercial, diretamente a partir do mesmo e-mail que recebeu ou enviando-nos um e-mail <strong><\/strong><b>.<\/b><\/p>\n<p><b>ACESSO A DADOS EM NOME DE TERCEIROS<\/b><\/p>\n<p>A fim de prestar os servi\u00e7os estritamente necess\u00e1rios ao funcionamento e desenvolvimento das actividades deste s\u00edtio Web, informamos que partilhamos dados com os seguintes prestadores de servi\u00e7os, de acordo com as respectivas condi\u00e7\u00f5es de privacidade.<\/p>\n<p>O utilizador pode ter a certeza de que esses terceiros n\u00e3o podem utilizar essas informa\u00e7\u00f5es para qualquer fim que n\u00e3o esteja especificamente regulamentado nas nossas rela\u00e7\u00f5es com eles ao abrigo da legisla\u00e7\u00e3o aplic\u00e1vel em mat\u00e9ria de prote\u00e7\u00e3o de dados pessoais.<\/p>\n<p>Este sitio web est\u00e1 alojado en <b><strong><\/strong><\/b>, com marca registada <b><strong><\/strong><\/b>, que fornece os servi\u00e7os de alojamento para que possa aceder e navegar no nosso s\u00edtio. Pode consultar a pol\u00edtica de privacidade e outros aspectos legais desta empresa na seguinte liga\u00e7\u00e3o:  <b><strong><\/strong><\/b><b>.<\/b><\/p>\n<p>O nosso s\u00edtio Web utiliza servidores de publicidade para facilitar os conte\u00fados comerciais que v\u00ea nas nossas p\u00e1ginas. Estes servidores de publicidade utilizam cookies que lhes permitem adaptar os conte\u00fados publicit\u00e1rios aos perfis demogr\u00e1ficos dos utilizadores: <\/p>\n<p><b>Google Analytics:<\/b><\/p>\n<p>O Google Analytics \u00e9 um servi\u00e7o de an\u00e1lise da Web fornecido pela Google, Inc., uma empresa do Delaware com sede em 1600 Amphitheatre Parkway, Mountain View (Calif\u00f3rnia), CA 94043, Estados Unidos (\u201cGoogle\u201d).<\/p>\n<p>O Google Analytics utiliza \u201ccookies\u201d, que s\u00e3o ficheiros de texto colocados no seu computador, para ajudar o s\u00edtio Web a analisar a forma como os utilizadores utilizam o s\u00edtio.<\/p>\n<p>As informa\u00e7\u00f5es geradas pelo cookie sobre a sua utiliza\u00e7\u00e3o do s\u00edtio Web (incluindo o seu endere\u00e7o IP) ser\u00e3o transmitidas e armazenadas pela Google. A Google utilizar\u00e1 estas informa\u00e7\u00f5es em nosso nome para avaliar a sua utiliza\u00e7\u00e3o do s\u00edtio Web, compilar relat\u00f3rios sobre a atividade do s\u00edtio Web para os operadores do mesmo e fornecer outros servi\u00e7os relacionados com a atividade do s\u00edtio Web e a utiliza\u00e7\u00e3o da Internet. <\/p>\n<p>A Google pode tamb\u00e9m transferir estas informa\u00e7\u00f5es para terceiros quando tal for exigido por lei ou quando esses terceiros processarem as informa\u00e7\u00f5es em nome da Google. A Google n\u00e3o associar\u00e1 o endere\u00e7o IP do utilizador a quaisquer outros dados detidos pela Google. <\/p>\n<p>Como utilizador, e no exerc\u00edcio dos seus direitos, pode recusar o tratamento de dados ou informa\u00e7\u00f5es, rejeitando a utiliza\u00e7\u00e3o de cookies, selecionando as defini\u00e7\u00f5es apropriadas no seu navegador, mas tenha em aten\u00e7\u00e3o que, se o fizer, poder\u00e1 n\u00e3o conseguir utilizar todas as funcionalidades deste s\u00edtio Web.<\/p>\n<p>Ao utilizar este s\u00edtio Web, de acordo com as informa\u00e7\u00f5es fornecidas na presente Pol\u00edtica de Privacidade, o utilizador concorda com o processamento de dados pela Google da forma e para os fins indicados.<\/p>\n<p>Para mais informa\u00e7\u00f5es, consulte a pol\u00edtica de privacidade da Google <b>em<\/b> <a href=\"https:\/\/www.google.com\/intl\/es\/policies\/privacy\/\">https:\/\/www.google.com\/intl\/es\/policies\/privacy\/<\/a>.<\/p>\n<p><b>Google Adsense:<\/b><\/p>\n<p>A Google, como fornecedor de terceiros, utiliza cookies para apresentar an\u00fancios neste s\u00edtio Web. Pode optar por n\u00e3o utilizar o cookie DART visitando a pol\u00edtica de privacidade da rede de an\u00fancios e conte\u00fados da Google: <a href=\"https:\/\/www.google.com\/intl\/es\/policies\/privacy\/\">https:\/\/www.google.com\/intl\/es\/policies\/privacy\/<\/a>. <\/p>\n<p>A Google utiliza parceiros de publicidade para apresentar an\u00fancios quando o utilizador visita o nosso Web site. Estas empresas podem utilizar as informa\u00e7\u00f5es que recolhem das suas visitas a este e a outros Web sites (n\u00e3o incluindo o seu nome, endere\u00e7o, endere\u00e7o de correio eletr\u00f3nico ou n\u00famero de telefone) para lhe apresentar an\u00fancios sobre produtos e servi\u00e7os do seu interesse. <\/p>\n<p>Ao utilizar este Web site, o utilizador consente que a Google processe os dados que lhe dizem respeito da forma e para os fins acima referidos.<\/p>\n<p>Para saber mais sobre a nossa utiliza\u00e7\u00e3o de cookies e pr\u00e1ticas de recolha de informa\u00e7\u00f5es e procedimentos de ativa\u00e7\u00e3o ou desativa\u00e7\u00e3o, consulte a nossa POL\u00cdTICA DE COOKIES.<\/p>\n<p><b>MEDIDAS DE SEGURAN\u00c7A<\/b><\/p>\n<p>Como propriet\u00e1rio do s\u00edtio Web<b>, <strong><\/strong><\/b> adoptou todas as medidas t\u00e9cnicas e organizativas necess\u00e1rias para garantir a seguran\u00e7a e integridade dos dados pessoais que trata, bem como para evitar a sua perda, altera\u00e7\u00e3o e\/ou acesso por parte de terceiros n\u00e3o autorizados.<\/p>\n<p>Recordamos que, para mais informa\u00e7\u00f5es, pode consultar as nossas p\u00e1ginas <b>Aviso Legal<\/b> e <b>Pol\u00edtica de Cookies.<\/b><\/p>\n\t\t\t\t\t\t\t\t<\/div>\n\t\t\t\t<\/div>\n\t\t\t\t\t<\/div>\n\t\t<\/div>\n\t\t\t\t\t<\/div>\n\t\t<\/section>\n\t\t\t\t<\/div>\n\t\t","protected":false},"excerpt":{"rendered":"<p>POL\u00cdTICA DE PRIVACIDADE Se est\u00e1 aqui, \u00e9 porque quer saber mais sobre as suas obriga\u00e7\u00f5es e direitos enquanto utilizador deste s\u00edtio web e isso \u00e9 bom. O nosso dever \u00e9 inform\u00e1-lo e o seu \u00e9 estar devidamente informado. Na presente Pol\u00edtica de Privacidade, inform\u00e1-lo-emos com total transpar\u00eancia sobre a finalidade deste s\u00edtio Web e tudo [&hellip;]<\/p>\n","protected":false},"author":2,"featured_media":0,"parent":0,"menu_order":0,"comment_status":"closed","ping_status":"open","template":"elementor_header_footer","meta":{"_acf_changed":false,"inline_featured_image":false,"footnotes":""},"class_list":["post-3782","page","type-page","status-publish","hentry"],"acf":[],"yoast_head":"<!-- This site is optimized with the Yoast SEO plugin v26.8 - https:\/\/yoast.com\/product\/yoast-seo-wordpress\/ -->\n<title>\u25b7Pol\u00edtica de privacidade - \u3010 Fertil Ib\u00e9rica \u3011<\/title>\n<meta name=\"description\" content=\"POL\u00cdTICA DE PRIVACIDADE Se est\u00e1 aqui, \u00e9 porque quer saber mais sobre as suas obriga\u00e7\u00f5es e direitos enquanto utilizador deste s\u00edtio web e isso \u00e9 bom. O \u2713\" \/>\n<meta name=\"robots\" content=\"noindex, nofollow\" \/>\n<meta property=\"og:locale\" content=\"pt_PT\" \/>\n<meta property=\"og:type\" content=\"article\" \/>\n<meta property=\"og:title\" content=\"\u25b7Pol\u00edtica de privacidade - \u3010 Fertil Ib\u00e9rica \u3011\" \/>\n<meta property=\"og:description\" content=\"POL\u00cdTICA DE PRIVACIDADE Se est\u00e1 aqui, \u00e9 porque quer saber mais sobre as suas obriga\u00e7\u00f5es e direitos enquanto utilizador deste s\u00edtio web e isso \u00e9 bom. O \u2713\" \/>\n<meta property=\"og:url\" content=\"https:\/\/fertiliberica.es\/pt-pt\/politica-de-privacidade\/\" \/>\n<meta property=\"og:site_name\" content=\"Fertil Ib\u00e9rica\" \/>\n<meta property=\"article:modified_time\" content=\"2025-02-26T17:41:59+00:00\" \/>\n<meta name=\"twitter:card\" content=\"summary_large_image\" \/>\n<meta name=\"twitter:label1\" content=\"Tempo estimado de leitura\" \/>\n\t<meta name=\"twitter:data1\" content=\"10 minutos\" \/>\n<script type=\"application\/ld+json\" class=\"yoast-schema-graph\">{\"@context\":\"https:\/\/schema.org\",\"@graph\":[{\"@type\":\"WebPage\",\"@id\":\"https:\/\/fertiliberica.es\/pt-pt\/politica-de-privacidade\/\",\"url\":\"https:\/\/fertiliberica.es\/pt-pt\/politica-de-privacidade\/\",\"name\":\"\u25b7Pol\u00edtica de privacidade - \u3010 Fertil Ib\u00e9rica \u3011\",\"isPartOf\":{\"@id\":\"https:\/\/fertiliberica.es\/#website\"},\"datePublished\":\"2021-10-14T13:46:36+00:00\",\"dateModified\":\"2025-02-26T17:41:59+00:00\",\"description\":\"POL\u00cdTICA DE PRIVACIDADE Se est\u00e1 aqui, \u00e9 porque quer saber mais sobre as suas obriga\u00e7\u00f5es e direitos enquanto utilizador deste s\u00edtio web e isso \u00e9 bom. O \u2713\",\"breadcrumb\":{\"@id\":\"https:\/\/fertiliberica.es\/pt-pt\/politica-de-privacidade\/#breadcrumb\"},\"inLanguage\":\"pt-PT\",\"potentialAction\":[{\"@type\":\"ReadAction\",\"target\":[\"https:\/\/fertiliberica.es\/pt-pt\/politica-de-privacidade\/\"]}]},{\"@type\":\"BreadcrumbList\",\"@id\":\"https:\/\/fertiliberica.es\/pt-pt\/politica-de-privacidade\/#breadcrumb\",\"itemListElement\":[{\"@type\":\"ListItem\",\"position\":1,\"name\":\"Portada\",\"item\":\"https:\/\/fertiliberica.es\/pt-pt\/home\/\"},{\"@type\":\"ListItem\",\"position\":2,\"name\":\"Pol\u00edtica de privacidade\"}]},{\"@type\":\"WebSite\",\"@id\":\"https:\/\/fertiliberica.es\/#website\",\"url\":\"https:\/\/fertiliberica.es\/\",\"name\":\"Fertil Ib\u00e9rica\",\"description\":\"T\u00e9cnicas de Reproducci\u00f3n Asistida\",\"publisher\":{\"@id\":\"https:\/\/fertiliberica.es\/#organization\"},\"potentialAction\":[{\"@type\":\"SearchAction\",\"target\":{\"@type\":\"EntryPoint\",\"urlTemplate\":\"https:\/\/fertiliberica.es\/?s={search_term_string}\"},\"query-input\":{\"@type\":\"PropertyValueSpecification\",\"valueRequired\":true,\"valueName\":\"search_term_string\"}}],\"inLanguage\":\"pt-PT\"},{\"@type\":\"Organization\",\"@id\":\"https:\/\/fertiliberica.es\/#organization\",\"name\":\"Fertil Ib\u00e9rica\",\"url\":\"https:\/\/fertiliberica.es\/\",\"logo\":{\"@type\":\"ImageObject\",\"inLanguage\":\"pt-PT\",\"@id\":\"https:\/\/fertiliberica.es\/#\/schema\/logo\/image\/\",\"url\":\"https:\/\/fertiliberica.es\/wp-content\/uploads\/2024\/10\/logo_fertil_iberica.png\",\"contentUrl\":\"https:\/\/fertiliberica.es\/wp-content\/uploads\/2024\/10\/logo_fertil_iberica.png\",\"width\":912,\"height\":357,\"caption\":\"Fertil Ib\u00e9rica\"},\"image\":{\"@id\":\"https:\/\/fertiliberica.es\/#\/schema\/logo\/image\/\"}}]}<\/script>\n<!-- \/ Yoast SEO plugin. -->","yoast_head_json":{"title":"\u25b7Pol\u00edtica de privacidade - \u3010 Fertil Ib\u00e9rica \u3011","description":"POL\u00cdTICA DE PRIVACIDADE Se est\u00e1 aqui, \u00e9 porque quer saber mais sobre as suas obriga\u00e7\u00f5es e direitos enquanto utilizador deste s\u00edtio web e isso \u00e9 bom. O \u2713","robots":{"index":"noindex","follow":"nofollow"},"og_locale":"pt_PT","og_type":"article","og_title":"\u25b7Pol\u00edtica de privacidade - \u3010 Fertil Ib\u00e9rica \u3011","og_description":"POL\u00cdTICA DE PRIVACIDADE Se est\u00e1 aqui, \u00e9 porque quer saber mais sobre as suas obriga\u00e7\u00f5es e direitos enquanto utilizador deste s\u00edtio web e isso \u00e9 bom. O \u2713","og_url":"https:\/\/fertiliberica.es\/pt-pt\/politica-de-privacidade\/","og_site_name":"Fertil Ib\u00e9rica","article_modified_time":"2025-02-26T17:41:59+00:00","twitter_card":"summary_large_image","twitter_misc":{"Tempo estimado de leitura":"10 minutos"},"schema":{"@context":"https:\/\/schema.org","@graph":[{"@type":"WebPage","@id":"https:\/\/fertiliberica.es\/pt-pt\/politica-de-privacidade\/","url":"https:\/\/fertiliberica.es\/pt-pt\/politica-de-privacidade\/","name":"\u25b7Pol\u00edtica de privacidade - \u3010 Fertil Ib\u00e9rica \u3011","isPartOf":{"@id":"https:\/\/fertiliberica.es\/#website"},"datePublished":"2021-10-14T13:46:36+00:00","dateModified":"2025-02-26T17:41:59+00:00","description":"POL\u00cdTICA DE PRIVACIDADE Se est\u00e1 aqui, \u00e9 porque quer saber mais sobre as suas obriga\u00e7\u00f5es e direitos enquanto utilizador deste s\u00edtio web e isso \u00e9 bom. O \u2713","breadcrumb":{"@id":"https:\/\/fertiliberica.es\/pt-pt\/politica-de-privacidade\/#breadcrumb"},"inLanguage":"pt-PT","potentialAction":[{"@type":"ReadAction","target":["https:\/\/fertiliberica.es\/pt-pt\/politica-de-privacidade\/"]}]},{"@type":"BreadcrumbList","@id":"https:\/\/fertiliberica.es\/pt-pt\/politica-de-privacidade\/#breadcrumb","itemListElement":[{"@type":"ListItem","position":1,"name":"Portada","item":"https:\/\/fertiliberica.es\/pt-pt\/home\/"},{"@type":"ListItem","position":2,"name":"Pol\u00edtica de privacidade"}]},{"@type":"WebSite","@id":"https:\/\/fertiliberica.es\/#website","url":"https:\/\/fertiliberica.es\/","name":"Fertil Ib\u00e9rica","description":"T\u00e9cnicas de Reproducci\u00f3n Asistida","publisher":{"@id":"https:\/\/fertiliberica.es\/#organization"},"potentialAction":[{"@type":"SearchAction","target":{"@type":"EntryPoint","urlTemplate":"https:\/\/fertiliberica.es\/?s={search_term_string}"},"query-input":{"@type":"PropertyValueSpecification","valueRequired":true,"valueName":"search_term_string"}}],"inLanguage":"pt-PT"},{"@type":"Organization","@id":"https:\/\/fertiliberica.es\/#organization","name":"Fertil Ib\u00e9rica","url":"https:\/\/fertiliberica.es\/","logo":{"@type":"ImageObject","inLanguage":"pt-PT","@id":"https:\/\/fertiliberica.es\/#\/schema\/logo\/image\/","url":"https:\/\/fertiliberica.es\/wp-content\/uploads\/2024\/10\/logo_fertil_iberica.png","contentUrl":"https:\/\/fertiliberica.es\/wp-content\/uploads\/2024\/10\/logo_fertil_iberica.png","width":912,"height":357,"caption":"Fertil Ib\u00e9rica"},"image":{"@id":"https:\/\/fertiliberica.es\/#\/schema\/logo\/image\/"}}]}},"_links":{"self":[{"href":"https:\/\/fertiliberica.es\/pt-pt\/wp-json\/wp\/v2\/pages\/3782","targetHints":{"allow":["GET"]}}],"collection":[{"href":"https:\/\/fertiliberica.es\/pt-pt\/wp-json\/wp\/v2\/pages"}],"about":[{"href":"https:\/\/fertiliberica.es\/pt-pt\/wp-json\/wp\/v2\/types\/page"}],"author":[{"embeddable":true,"href":"https:\/\/fertiliberica.es\/pt-pt\/wp-json\/wp\/v2\/users\/2"}],"replies":[{"embeddable":true,"href":"https:\/\/fertiliberica.es\/pt-pt\/wp-json\/wp\/v2\/comments?post=3782"}],"version-history":[{"count":1,"href":"https:\/\/fertiliberica.es\/pt-pt\/wp-json\/wp\/v2\/pages\/3782\/revisions"}],"predecessor-version":[{"id":3783,"href":"https:\/\/fertiliberica.es\/pt-pt\/wp-json\/wp\/v2\/pages\/3782\/revisions\/3783"}],"wp:attachment":[{"href":"https:\/\/fertiliberica.es\/pt-pt\/wp-json\/wp\/v2\/media?parent=3782"}],"curies":[{"name":"wp","href":"https:\/\/api.w.org\/{rel}","templated":true}]}}