{"id":3765,"date":"2023-02-07T11:05:17","date_gmt":"2023-02-07T10:05:17","guid":{"rendered":"https:\/\/fertiliberica.es\/contacto\/"},"modified":"2025-02-24T12:57:16","modified_gmt":"2025-02-24T11:57:16","slug":"contacto","status":"publish","type":"page","link":"https:\/\/fertiliberica.es\/pt-pt\/contacto\/","title":{"rendered":"Contacto"},"content":{"rendered":"\t\t<div data-elementor-type=\"wp-page\" data-elementor-id=\"3765\" class=\"elementor elementor-3765 elementor-155\" data-elementor-post-type=\"page\">\n\t\t\t\t\t\t<section class=\"elementor-section elementor-top-section elementor-element elementor-element-cb72673 elementor-section-boxed elementor-section-height-default elementor-section-height-default\" data-id=\"cb72673\" data-element_type=\"section\" data-e-type=\"section\" data-settings=\"{&quot;background_background&quot;:&quot;classic&quot;}\">\n\t\t\t\t\t\t\t<div class=\"elementor-background-overlay\"><\/div>\n\t\t\t\t\t\t\t<div class=\"elementor-container elementor-column-gap-default\">\n\t\t\t\t\t<div class=\"elementor-column elementor-col-100 elementor-top-column elementor-element elementor-element-fc5bfbe\" data-id=\"fc5bfbe\" data-element_type=\"column\" data-e-type=\"column\">\n\t\t\t<div class=\"elementor-widget-wrap elementor-element-populated\">\n\t\t\t\t\t\t<div class=\"elementor-element elementor-element-b1a4a64 elementor-widget elementor-widget-heading\" data-id=\"b1a4a64\" data-element_type=\"widget\" data-e-type=\"widget\" data-widget_type=\"heading.default\">\n\t\t\t\t<div class=\"elementor-widget-container\">\n\t\t\t\t\t<h1 class=\"elementor-heading-title elementor-size-default\">Contacto<\/h1>\t\t\t\t<\/div>\n\t\t\t\t<\/div>\n\t\t\t\t<div class=\"elementor-element elementor-element-57d9fa3 elementor-widget elementor-widget-text-editor\" data-id=\"57d9fa3\" data-element_type=\"widget\" data-e-type=\"widget\" data-widget_type=\"text-editor.default\">\n\t\t\t\t<div class=\"elementor-widget-container\">\n\t\t\t\t\t\t\t\t\t<p>Os nossos especialistas entrar\u00e3o em contacto contigo o mais rapidamente poss\u00edvel.<\/p>\n\t\t\t\t\t\t\t\t<\/div>\n\t\t\t\t<\/div>\n\t\t\t\t\t<\/div>\n\t\t<\/div>\n\t\t\t\t\t<\/div>\n\t\t<\/section>\n\t\t\t\t<section class=\"elementor-section elementor-top-section elementor-element elementor-element-d0adb33 elementor-section-boxed elementor-section-height-default elementor-section-height-default\" data-id=\"d0adb33\" data-element_type=\"section\" data-e-type=\"section\">\n\t\t\t\t\t\t<div class=\"elementor-container elementor-column-gap-default\">\n\t\t\t\t\t<div class=\"elementor-column elementor-col-100 elementor-top-column elementor-element elementor-element-65a8035\" data-id=\"65a8035\" data-element_type=\"column\" data-e-type=\"column\" data-settings=\"{&quot;background_background&quot;:&quot;classic&quot;}\">\n\t\t\t<div class=\"elementor-widget-wrap elementor-element-populated\">\n\t\t\t\t\t\t<section class=\"elementor-section elementor-inner-section elementor-element elementor-element-677eefa elementor-section-boxed elementor-section-height-default elementor-section-height-default\" data-id=\"677eefa\" data-element_type=\"section\" data-e-type=\"section\" data-settings=\"{&quot;background_background&quot;:&quot;classic&quot;}\">\n\t\t\t\t\t\t<div class=\"elementor-container elementor-column-gap-default\">\n\t\t\t\t\t<div class=\"elementor-column elementor-col-50 elementor-inner-column elementor-element elementor-element-e48153c\" data-id=\"e48153c\" data-element_type=\"column\" data-e-type=\"column\">\n\t\t\t<div class=\"elementor-widget-wrap elementor-element-populated\">\n\t\t\t\t\t\t<section class=\"elementor-section elementor-inner-section elementor-element elementor-element-31e0076 elementor-section-boxed elementor-section-height-default elementor-section-height-default\" data-id=\"31e0076\" data-element_type=\"section\" data-e-type=\"section\" data-settings=\"{&quot;background_background&quot;:&quot;classic&quot;}\">\n\t\t\t\t\t\t<div class=\"elementor-container elementor-column-gap-default\">\n\t\t\t\t\t<div class=\"elementor-column elementor-col-100 elementor-inner-column elementor-element elementor-element-66183f6\" data-id=\"66183f6\" data-element_type=\"column\" data-e-type=\"column\">\n\t\t\t<div class=\"elementor-widget-wrap elementor-element-populated\">\n\t\t\t\t\t\t<div class=\"elementor-element elementor-element-40837ad elementor-widget elementor-widget-image\" data-id=\"40837ad\" data-element_type=\"widget\" data-e-type=\"widget\" data-widget_type=\"image.default\">\n\t\t\t\t<div class=\"elementor-widget-container\">\n\t\t\t\t\t\t\t\t\t\t\t\t\t\t\t\t<a href=\"\/\">\n\t\t\t\t\t\t\t<img fetchpriority=\"high\" decoding=\"async\" width=\"800\" height=\"310\" src=\"https:\/\/fertiliberica.es\/wp-content\/uploads\/2021\/10\/logo_blanco_color.png\" class=\"attachment-large size-large wp-image-2103\" alt=\"\" srcset=\"https:\/\/fertiliberica.es\/wp-content\/uploads\/2021\/10\/logo_blanco_color.png 935w, https:\/\/fertiliberica.es\/wp-content\/uploads\/2021\/10\/logo_blanco_color-300x116.png 300w, https:\/\/fertiliberica.es\/wp-content\/uploads\/2021\/10\/logo_blanco_color-768x297.png 768w, https:\/\/fertiliberica.es\/wp-content\/uploads\/2021\/10\/logo_blanco_color-180x70.png 180w, https:\/\/fertiliberica.es\/wp-content\/uploads\/2021\/10\/logo_blanco_color-360x139.png 360w, https:\/\/fertiliberica.es\/wp-content\/uploads\/2021\/10\/logo_blanco_color-640x248.png 640w\" sizes=\"(max-width: 800px) 100vw, 800px\" \/>\t\t\t\t\t\t\t\t<\/a>\n\t\t\t\t\t\t\t\t\t\t\t\t\t\t\t<\/div>\n\t\t\t\t<\/div>\n\t\t\t\t<div class=\"elementor-element elementor-element-fab5770 elementor-icon-list--layout-traditional elementor-list-item-link-full_width elementor-widget elementor-widget-icon-list\" data-id=\"fab5770\" data-element_type=\"widget\" data-e-type=\"widget\" data-widget_type=\"icon-list.default\">\n\t\t\t\t<div class=\"elementor-widget-container\">\n\t\t\t\t\t\t\t<ul class=\"elementor-icon-list-items\">\n\t\t\t\t\t\t\t<li class=\"elementor-icon-list-item\">\n\t\t\t\t\t\t\t\t\t\t\t<a href=\"https:\/\/www.instagram.com\/fertil_iberica\/\" target=\"_blank\" rel=\"nofollow\">\n\n\t\t\t\t\t\t\t\t\t\t\t\t<span class=\"elementor-icon-list-icon\">\n\t\t\t\t\t\t\t<i aria-hidden=\"true\" class=\"fab fa-instagram\"><\/i>\t\t\t\t\t\t<\/span>\n\t\t\t\t\t\t\t\t\t\t<span class=\"elementor-icon-list-text\">Instagram<\/span>\n\t\t\t\t\t\t\t\t\t\t\t<\/a>\n\t\t\t\t\t\t\t\t\t<\/li>\n\t\t\t\t\t\t\t\t<li class=\"elementor-icon-list-item\">\n\t\t\t\t\t\t\t\t\t\t\t<a href=\"https:\/\/www.linkedin.com\/company\/fertiliberica\/\" target=\"_blank\" rel=\"nofollow\">\n\n\t\t\t\t\t\t\t\t\t\t\t\t<span class=\"elementor-icon-list-icon\">\n\t\t\t\t\t\t\t<i aria-hidden=\"true\" class=\"fab fa-linkedin-in\"><\/i>\t\t\t\t\t\t<\/span>\n\t\t\t\t\t\t\t\t\t\t<span class=\"elementor-icon-list-text\">Linkedin<\/span>\n\t\t\t\t\t\t\t\t\t\t\t<\/a>\n\t\t\t\t\t\t\t\t\t<\/li>\n\t\t\t\t\t\t\t\t<li class=\"elementor-icon-list-item\">\n\t\t\t\t\t\t\t\t\t\t\t<a href=\"mailto:info@fertiliberica.es\" target=\"_blank\" rel=\"nofollow\">\n\n\t\t\t\t\t\t\t\t\t\t\t\t<span class=\"elementor-icon-list-icon\">\n\t\t\t\t\t\t\t<i aria-hidden=\"true\" class=\"far fa-envelope\"><\/i>\t\t\t\t\t\t<\/span>\n\t\t\t\t\t\t\t\t\t\t<span class=\"elementor-icon-list-text\">info@fertiliberica.es<\/span>\n\t\t\t\t\t\t\t\t\t\t\t<\/a>\n\t\t\t\t\t\t\t\t\t<\/li>\n\t\t\t\t\t\t\t\t<li class=\"elementor-icon-list-item\">\n\t\t\t\t\t\t\t\t\t\t\t<a href=\"tel:+34%20936%20940%20048\" target=\"_blank\" rel=\"nofollow\">\n\n\t\t\t\t\t\t\t\t\t\t\t\t<span class=\"elementor-icon-list-icon\">\n\t\t\t\t\t\t\t<i aria-hidden=\"true\" class=\"fas fa-phone-alt\"><\/i>\t\t\t\t\t\t<\/span>\n\t\t\t\t\t\t\t\t\t\t<span class=\"elementor-icon-list-text\">+34 936 940 048<\/span>\n\t\t\t\t\t\t\t\t\t\t\t<\/a>\n\t\t\t\t\t\t\t\t\t<\/li>\n\t\t\t\t\t\t<\/ul>\n\t\t\t\t\t\t<\/div>\n\t\t\t\t<\/div>\n\t\t\t\t\t<\/div>\n\t\t<\/div>\n\t\t\t\t\t<\/div>\n\t\t<\/section>\n\t\t\t\t\t<\/div>\n\t\t<\/div>\n\t\t\t\t<div class=\"elementor-column elementor-col-50 elementor-inner-column elementor-element elementor-element-76c7387\" data-id=\"76c7387\" data-element_type=\"column\" data-e-type=\"column\">\n\t\t\t<div class=\"elementor-widget-wrap elementor-element-populated\">\n\t\t\t\t\t\t<div class=\"elementor-element elementor-element-7f71057 elementor-widget elementor-widget-shortcode\" data-id=\"7f71057\" data-element_type=\"widget\" data-e-type=\"widget\" data-widget_type=\"shortcode.default\">\n\t\t\t\t<div class=\"elementor-widget-container\">\n\t\t\t\t\t\t\t<div class=\"elementor-shortcode\">\t\t<div data-elementor-type=\"section\" data-elementor-id=\"205\" class=\"elementor elementor-205\" data-elementor-post-type=\"elementor_library\">\n\t\t\t\t\t<section class=\"elementor-section elementor-top-section elementor-element elementor-element-59062d2 elementor-section-boxed elementor-section-height-default elementor-section-height-default\" data-id=\"59062d2\" data-element_type=\"section\" data-e-type=\"section\">\n\t\t\t\t\t\t<div class=\"elementor-container elementor-column-gap-default\">\n\t\t\t\t\t<div class=\"elementor-column elementor-col-100 elementor-top-column elementor-element elementor-element-84eeac3\" data-id=\"84eeac3\" data-element_type=\"column\" data-e-type=\"column\">\n\t\t\t<div class=\"elementor-widget-wrap elementor-element-populated\">\n\t\t\t\t\t\t<div class=\"elementor-element elementor-element-a566c12 elementor-button-align-stretch elementor-widget elementor-widget-form\" data-id=\"a566c12\" data-element_type=\"widget\" data-e-type=\"widget\" id=\"contact\" data-settings=\"{&quot;step_next_label&quot;:&quot;Siguiente&quot;,&quot;step_previous_label&quot;:&quot;Anterior&quot;,&quot;button_width&quot;:&quot;30&quot;,&quot;step_type&quot;:&quot;number_text&quot;,&quot;step_icon_shape&quot;:&quot;circle&quot;}\" data-widget_type=\"form.default\">\n\t\t\t\t<div class=\"elementor-widget-container\">\n\t\t\t\t\t\t\t<form class=\"elementor-form\" method=\"post\" name=\"Nuevo formulario\" aria-label=\"Nuevo formulario\">\n\t\t\t<input type=\"hidden\" name=\"post_id\" value=\"205\"\/>\n\t\t\t<input type=\"hidden\" name=\"form_id\" value=\"a566c12\"\/>\n\t\t\t<input type=\"hidden\" name=\"referer_title\" value=\"\u25b7MiOXSYS\u00ae - \u3010 Fertil Ib\u00e9rica \u3011\" \/>\n\n\t\t\t\t\t\t\t<input type=\"hidden\" name=\"queried_id\" value=\"3772\"\/>\n\t\t\t\n\t\t\t<div class=\"elementor-form-fields-wrapper elementor-labels-\">\n\t\t\t\t\t\t\t\t<div class=\"elementor-field-type-text elementor-field-group elementor-column elementor-field-group-name elementor-col-100\">\n\t\t\t\t\t\t\t\t\t\t\t\t<label for=\"form-field-name\" class=\"elementor-field-label elementor-screen-only\">\n\t\t\t\t\t\t\t\tNombre\t\t\t\t\t\t\t<\/label>\n\t\t\t\t\t\t\t\t\t\t\t\t\t\t<input size=\"1\" type=\"text\" name=\"form_fields[name]\" id=\"form-field-name\" class=\"elementor-field elementor-size-sm  elementor-field-textual\" placeholder=\"Nombre\">\n\t\t\t\t\t\t\t\t\t\t\t<\/div>\n\t\t\t\t\t\t\t\t<div class=\"elementor-field-type-email elementor-field-group elementor-column elementor-field-group-email elementor-col-100 elementor-field-required\">\n\t\t\t\t\t\t\t\t\t\t\t\t<label for=\"form-field-email\" class=\"elementor-field-label elementor-screen-only\">\n\t\t\t\t\t\t\t\tCorreo electr\u00f3nico\t\t\t\t\t\t\t<\/label>\n\t\t\t\t\t\t\t\t\t\t\t\t\t\t<input size=\"1\" type=\"email\" name=\"form_fields[email]\" id=\"form-field-email\" class=\"elementor-field elementor-size-sm  elementor-field-textual\" placeholder=\"Correo electr\u00f3nico\" required=\"required\">\n\t\t\t\t\t\t\t\t\t\t\t<\/div>\n\t\t\t\t\t\t\t\t<div class=\"elementor-field-type-text elementor-field-group elementor-column elementor-field-group-field_4e77d68 elementor-col-100 elementor-field-required\">\n\t\t\t\t\t\t\t\t\t\t\t\t<label for=\"form-field-field_4e77d68\" class=\"elementor-field-label elementor-screen-only\">\n\t\t\t\t\t\t\t\tTel\u00e9fono\t\t\t\t\t\t\t<\/label>\n\t\t\t\t\t\t\t\t\t\t\t\t\t\t<input size=\"1\" type=\"text\" name=\"form_fields[field_4e77d68]\" id=\"form-field-field_4e77d68\" class=\"elementor-field elementor-size-sm  elementor-field-textual\" placeholder=\"Tel\u00e9fono\" required=\"required\">\n\t\t\t\t\t\t\t\t\t\t\t<\/div>\n\t\t\t\t\t\t\t\t<div class=\"elementor-field-type-textarea elementor-field-group elementor-column elementor-field-group-message elementor-col-100\">\n\t\t\t\t\t\t\t\t\t\t\t\t<label for=\"form-field-message\" class=\"elementor-field-label elementor-screen-only\">\n\t\t\t\t\t\t\t\tMensaje\t\t\t\t\t\t\t<\/label>\n\t\t\t\t\t\t<textarea class=\"elementor-field-textual elementor-field  elementor-size-sm\" name=\"form_fields[message]\" id=\"form-field-message\" rows=\"4\" placeholder=\"Mensaje\"><\/textarea>\t\t\t\t<\/div>\n\t\t\t\t\t\t\t\t<div class=\"elementor-field-type-checkbox elementor-field-group elementor-column elementor-field-group-field_d6d4526 elementor-col-100\">\n\t\t\t\t\t<div class=\"elementor-field-subgroup  \"><span class=\"elementor-field-option\"><input type=\"checkbox\" value=\"He le\u00eddo y acepto la &lt;a href=&quot;\/politica-privacidad\/&quot;;&gt;pol\u00edtica de privacidad&lt;\/a&gt;\" id=\"form-field-field_d6d4526-0\" name=\"form_fields[field_d6d4526]\"> <label for=\"form-field-field_d6d4526-0\">He le\u00eddo y acepto la <a href=\"\/politica-privacidad\/\";>pol\u00edtica de privacidad<\/a><\/label><\/span><\/div>\t\t\t\t<\/div>\n\t\t\t\t\t\t\t\t<div class=\"elementor-field-type-text\">\n\t\t\t\t\t<input size=\"1\" type=\"text\" name=\"form_fields[field_4a34de3]\" id=\"form-field-field_4a34de3\" class=\"elementor-field elementor-size-sm \" style=\"display:none !important;\">\t\t\t\t<\/div>\n\t\t\t\t\t\t\t\t<div class=\"elementor-field-type-recaptcha_v3 elementor-field-group elementor-column elementor-field-group-field_f23b12d elementor-col-100 recaptcha_v3-bottomright\">\n\t\t\t\t\t<div class=\"elementor-field\" id=\"form-field-field_f23b12d\"><div class=\"elementor-g-recaptcha\" data-sitekey=\"6LdSSvMmAAAAAMnqdUKivaxueU7bGQbP7RK0A0n5\" data-type=\"v3\" data-action=\"Form\" data-badge=\"bottomright\" data-size=\"invisible\"><\/div><\/div>\t\t\t\t<\/div>\n\t\t\t\t\t\t\t\t<div class=\"elementor-field-group elementor-column elementor-field-type-submit elementor-col-30 e-form__buttons\">\n\t\t\t\t\t<button class=\"elementor-button elementor-size-sm\" type=\"submit\">\n\t\t\t\t\t\t<span class=\"elementor-button-content-wrapper\">\n\t\t\t\t\t\t\t\t\t\t\t\t\t\t\t\t\t\t\t\t\t\t<span class=\"elementor-button-text\">Enviar<\/span>\n\t\t\t\t\t\t\t\t\t\t\t\t\t<\/span>\n\t\t\t\t\t<\/button>\n\t\t\t\t<\/div>\n\t\t\t<\/div>\n\t\t<\/form>\n\t\t\t\t\t\t<\/div>\n\t\t\t\t<\/div>\n\t\t\t\t\t<\/div>\n\t\t<\/div>\n\t\t\t\t\t<\/div>\n\t\t<\/section>\n\t\t\t\t<\/div>\n\t\t<\/div>\n\t\t\t\t\t\t<\/div>\n\t\t\t\t<\/div>\n\t\t\t\t\t<\/div>\n\t\t<\/div>\n\t\t\t\t\t<\/div>\n\t\t<\/section>\n\t\t\t\t\t<\/div>\n\t\t<\/div>\n\t\t\t\t\t<\/div>\n\t\t<\/section>\n\t\t\t\t<\/div>\n\t\t","protected":false},"excerpt":{"rendered":"<p>Contacto Os nossos especialistas entrar\u00e3o em contacto contigo o mais rapidamente poss\u00edvel. Instagram Linkedin info@fertiliberica.es +34 936 940 048<\/p>\n","protected":false},"author":2,"featured_media":0,"parent":0,"menu_order":0,"comment_status":"closed","ping_status":"closed","template":"","meta":{"_acf_changed":false,"inline_featured_image":false,"footnotes":""},"class_list":["post-3765","page","type-page","status-publish","hentry"],"acf":[],"yoast_head":"<!-- This site is optimized with the Yoast SEO plugin v26.8 - https:\/\/yoast.com\/product\/yoast-seo-wordpress\/ -->\n<title>\u25b7Contacto - \u3010 Fertil Ib\u00e9rica \u3011<\/title>\n<meta name=\"description\" content=\"Contacto Os nossos especialistas entrar\u00e3o em contacto contigo o mais rapidamente poss\u00edvel. Instagram Linkedin info@fertiliberica.es +34 936 940 \u2713\" \/>\n<meta name=\"robots\" content=\"index, follow, max-snippet:-1, max-image-preview:large, max-video-preview:-1\" \/>\n<link rel=\"canonical\" href=\"https:\/\/fertiliberica.es\/pt-pt\/contacto\/\" \/>\n<meta property=\"og:locale\" content=\"pt_PT\" \/>\n<meta property=\"og:type\" content=\"article\" \/>\n<meta property=\"og:title\" content=\"\u25b7Contacto - \u3010 Fertil Ib\u00e9rica \u3011\" \/>\n<meta property=\"og:description\" content=\"Contacto Os nossos especialistas entrar\u00e3o em contacto contigo o mais rapidamente poss\u00edvel. Instagram Linkedin info@fertiliberica.es +34 936 940 \u2713\" \/>\n<meta property=\"og:url\" content=\"https:\/\/fertiliberica.es\/pt-pt\/contacto\/\" \/>\n<meta property=\"og:site_name\" content=\"Fertil Ib\u00e9rica\" \/>\n<meta property=\"article:modified_time\" content=\"2025-02-24T11:57:16+00:00\" \/>\n<meta property=\"og:image\" content=\"https:\/\/fertiliberica.es\/wp-content\/uploads\/2021\/10\/logo_blanco_color.png\" \/>\n\t<meta property=\"og:image:width\" content=\"935\" \/>\n\t<meta property=\"og:image:height\" content=\"362\" \/>\n\t<meta property=\"og:image:type\" content=\"image\/png\" \/>\n<meta name=\"twitter:card\" content=\"summary_large_image\" \/>\n<script type=\"application\/ld+json\" class=\"yoast-schema-graph\">{\"@context\":\"https:\/\/schema.org\",\"@graph\":[{\"@type\":\"WebPage\",\"@id\":\"https:\/\/fertiliberica.es\/pt-pt\/contacto\/\",\"url\":\"https:\/\/fertiliberica.es\/pt-pt\/contacto\/\",\"name\":\"\u25b7Contacto - \u3010 Fertil Ib\u00e9rica \u3011\",\"isPartOf\":{\"@id\":\"https:\/\/fertiliberica.es\/#website\"},\"primaryImageOfPage\":{\"@id\":\"https:\/\/fertiliberica.es\/pt-pt\/contacto\/#primaryimage\"},\"image\":{\"@id\":\"https:\/\/fertiliberica.es\/pt-pt\/contacto\/#primaryimage\"},\"thumbnailUrl\":\"https:\/\/fertiliberica.es\/wp-content\/uploads\/2021\/10\/logo_blanco_color.png\",\"datePublished\":\"2023-02-07T10:05:17+00:00\",\"dateModified\":\"2025-02-24T11:57:16+00:00\",\"description\":\"Contacto Os nossos especialistas entrar\u00e3o em contacto contigo o mais rapidamente poss\u00edvel. Instagram Linkedin info@fertiliberica.es +34 936 940 \u2713\",\"breadcrumb\":{\"@id\":\"https:\/\/fertiliberica.es\/pt-pt\/contacto\/#breadcrumb\"},\"inLanguage\":\"pt-PT\",\"potentialAction\":[{\"@type\":\"ReadAction\",\"target\":[\"https:\/\/fertiliberica.es\/pt-pt\/contacto\/\"]}]},{\"@type\":\"ImageObject\",\"inLanguage\":\"pt-PT\",\"@id\":\"https:\/\/fertiliberica.es\/pt-pt\/contacto\/#primaryimage\",\"url\":\"https:\/\/fertiliberica.es\/wp-content\/uploads\/2021\/10\/logo_blanco_color.png\",\"contentUrl\":\"https:\/\/fertiliberica.es\/wp-content\/uploads\/2021\/10\/logo_blanco_color.png\"},{\"@type\":\"BreadcrumbList\",\"@id\":\"https:\/\/fertiliberica.es\/pt-pt\/contacto\/#breadcrumb\",\"itemListElement\":[{\"@type\":\"ListItem\",\"position\":1,\"name\":\"Portada\",\"item\":\"https:\/\/fertiliberica.es\/pt-pt\/home\/\"},{\"@type\":\"ListItem\",\"position\":2,\"name\":\"Contacto\"}]},{\"@type\":\"WebSite\",\"@id\":\"https:\/\/fertiliberica.es\/#website\",\"url\":\"https:\/\/fertiliberica.es\/\",\"name\":\"Fertil Ib\u00e9rica\",\"description\":\"T\u00e9cnicas de Reproducci\u00f3n Asistida\",\"publisher\":{\"@id\":\"https:\/\/fertiliberica.es\/#organization\"},\"potentialAction\":[{\"@type\":\"SearchAction\",\"target\":{\"@type\":\"EntryPoint\",\"urlTemplate\":\"https:\/\/fertiliberica.es\/?s={search_term_string}\"},\"query-input\":{\"@type\":\"PropertyValueSpecification\",\"valueRequired\":true,\"valueName\":\"search_term_string\"}}],\"inLanguage\":\"pt-PT\"},{\"@type\":\"Organization\",\"@id\":\"https:\/\/fertiliberica.es\/#organization\",\"name\":\"Fertil Ib\u00e9rica\",\"url\":\"https:\/\/fertiliberica.es\/\",\"logo\":{\"@type\":\"ImageObject\",\"inLanguage\":\"pt-PT\",\"@id\":\"https:\/\/fertiliberica.es\/#\/schema\/logo\/image\/\",\"url\":\"https:\/\/fertiliberica.es\/wp-content\/uploads\/2024\/10\/logo_fertil_iberica.png\",\"contentUrl\":\"https:\/\/fertiliberica.es\/wp-content\/uploads\/2024\/10\/logo_fertil_iberica.png\",\"width\":912,\"height\":357,\"caption\":\"Fertil Ib\u00e9rica\"},\"image\":{\"@id\":\"https:\/\/fertiliberica.es\/#\/schema\/logo\/image\/\"}}]}<\/script>\n<!-- \/ Yoast SEO plugin. -->","yoast_head_json":{"title":"\u25b7Contacto - \u3010 Fertil Ib\u00e9rica \u3011","description":"Contacto Os nossos especialistas entrar\u00e3o em contacto contigo o mais rapidamente poss\u00edvel. Instagram Linkedin info@fertiliberica.es +34 936 940 \u2713","robots":{"index":"index","follow":"follow","max-snippet":"max-snippet:-1","max-image-preview":"max-image-preview:large","max-video-preview":"max-video-preview:-1"},"canonical":"https:\/\/fertiliberica.es\/pt-pt\/contacto\/","og_locale":"pt_PT","og_type":"article","og_title":"\u25b7Contacto - \u3010 Fertil Ib\u00e9rica \u3011","og_description":"Contacto Os nossos especialistas entrar\u00e3o em contacto contigo o mais rapidamente poss\u00edvel. Instagram Linkedin info@fertiliberica.es +34 936 940 \u2713","og_url":"https:\/\/fertiliberica.es\/pt-pt\/contacto\/","og_site_name":"Fertil Ib\u00e9rica","article_modified_time":"2025-02-24T11:57:16+00:00","og_image":[{"width":935,"height":362,"url":"https:\/\/fertiliberica.es\/wp-content\/uploads\/2021\/10\/logo_blanco_color.png","type":"image\/png"}],"twitter_card":"summary_large_image","schema":{"@context":"https:\/\/schema.org","@graph":[{"@type":"WebPage","@id":"https:\/\/fertiliberica.es\/pt-pt\/contacto\/","url":"https:\/\/fertiliberica.es\/pt-pt\/contacto\/","name":"\u25b7Contacto - \u3010 Fertil Ib\u00e9rica \u3011","isPartOf":{"@id":"https:\/\/fertiliberica.es\/#website"},"primaryImageOfPage":{"@id":"https:\/\/fertiliberica.es\/pt-pt\/contacto\/#primaryimage"},"image":{"@id":"https:\/\/fertiliberica.es\/pt-pt\/contacto\/#primaryimage"},"thumbnailUrl":"https:\/\/fertiliberica.es\/wp-content\/uploads\/2021\/10\/logo_blanco_color.png","datePublished":"2023-02-07T10:05:17+00:00","dateModified":"2025-02-24T11:57:16+00:00","description":"Contacto Os nossos especialistas entrar\u00e3o em contacto contigo o mais rapidamente poss\u00edvel. Instagram Linkedin info@fertiliberica.es +34 936 940 \u2713","breadcrumb":{"@id":"https:\/\/fertiliberica.es\/pt-pt\/contacto\/#breadcrumb"},"inLanguage":"pt-PT","potentialAction":[{"@type":"ReadAction","target":["https:\/\/fertiliberica.es\/pt-pt\/contacto\/"]}]},{"@type":"ImageObject","inLanguage":"pt-PT","@id":"https:\/\/fertiliberica.es\/pt-pt\/contacto\/#primaryimage","url":"https:\/\/fertiliberica.es\/wp-content\/uploads\/2021\/10\/logo_blanco_color.png","contentUrl":"https:\/\/fertiliberica.es\/wp-content\/uploads\/2021\/10\/logo_blanco_color.png"},{"@type":"BreadcrumbList","@id":"https:\/\/fertiliberica.es\/pt-pt\/contacto\/#breadcrumb","itemListElement":[{"@type":"ListItem","position":1,"name":"Portada","item":"https:\/\/fertiliberica.es\/pt-pt\/home\/"},{"@type":"ListItem","position":2,"name":"Contacto"}]},{"@type":"WebSite","@id":"https:\/\/fertiliberica.es\/#website","url":"https:\/\/fertiliberica.es\/","name":"Fertil Ib\u00e9rica","description":"T\u00e9cnicas de Reproducci\u00f3n Asistida","publisher":{"@id":"https:\/\/fertiliberica.es\/#organization"},"potentialAction":[{"@type":"SearchAction","target":{"@type":"EntryPoint","urlTemplate":"https:\/\/fertiliberica.es\/?s={search_term_string}"},"query-input":{"@type":"PropertyValueSpecification","valueRequired":true,"valueName":"search_term_string"}}],"inLanguage":"pt-PT"},{"@type":"Organization","@id":"https:\/\/fertiliberica.es\/#organization","name":"Fertil Ib\u00e9rica","url":"https:\/\/fertiliberica.es\/","logo":{"@type":"ImageObject","inLanguage":"pt-PT","@id":"https:\/\/fertiliberica.es\/#\/schema\/logo\/image\/","url":"https:\/\/fertiliberica.es\/wp-content\/uploads\/2024\/10\/logo_fertil_iberica.png","contentUrl":"https:\/\/fertiliberica.es\/wp-content\/uploads\/2024\/10\/logo_fertil_iberica.png","width":912,"height":357,"caption":"Fertil Ib\u00e9rica"},"image":{"@id":"https:\/\/fertiliberica.es\/#\/schema\/logo\/image\/"}}]}},"_links":{"self":[{"href":"https:\/\/fertiliberica.es\/pt-pt\/wp-json\/wp\/v2\/pages\/3765","targetHints":{"allow":["GET"]}}],"collection":[{"href":"https:\/\/fertiliberica.es\/pt-pt\/wp-json\/wp\/v2\/pages"}],"about":[{"href":"https:\/\/fertiliberica.es\/pt-pt\/wp-json\/wp\/v2\/types\/page"}],"author":[{"embeddable":true,"href":"https:\/\/fertiliberica.es\/pt-pt\/wp-json\/wp\/v2\/users\/2"}],"replies":[{"embeddable":true,"href":"https:\/\/fertiliberica.es\/pt-pt\/wp-json\/wp\/v2\/comments?post=3765"}],"version-history":[{"count":3,"href":"https:\/\/fertiliberica.es\/pt-pt\/wp-json\/wp\/v2\/pages\/3765\/revisions"}],"predecessor-version":[{"id":3770,"href":"https:\/\/fertiliberica.es\/pt-pt\/wp-json\/wp\/v2\/pages\/3765\/revisions\/3770"}],"wp:attachment":[{"href":"https:\/\/fertiliberica.es\/pt-pt\/wp-json\/wp\/v2\/media?parent=3765"}],"curies":[{"name":"wp","href":"https:\/\/api.w.org\/{rel}","templated":true}]}}