{"id":496,"date":"2023-06-16T15:36:36","date_gmt":"2023-06-16T13:36:36","guid":{"rendered":"https:\/\/fertiliberica.es\/mapa-web\/"},"modified":"2024-01-05T08:59:21","modified_gmt":"2024-01-05T07:59:21","slug":"mapa-web","status":"publish","type":"page","link":"https:\/\/fertiliberica.es\/ca\/mapa-web\/","title":{"rendered":"Mapa web"},"content":{"rendered":"\t\t<div data-elementor-type=\"wp-page\" data-elementor-id=\"496\" class=\"elementor elementor-496 elementor-323\" data-elementor-post-type=\"page\">\n\t\t\t\t\t\t<section class=\"elementor-section elementor-top-section elementor-element elementor-element-98e1df3 elementor-section-boxed elementor-section-height-default elementor-section-height-default\" data-id=\"98e1df3\" data-element_type=\"section\" data-e-type=\"section\">\n\t\t\t\t\t\t<div class=\"elementor-container elementor-column-gap-default\">\n\t\t\t\t\t<div class=\"elementor-column elementor-col-100 elementor-top-column elementor-element elementor-element-f27ba1f\" data-id=\"f27ba1f\" data-element_type=\"column\" data-e-type=\"column\">\n\t\t\t<div class=\"elementor-widget-wrap elementor-element-populated\">\n\t\t\t\t\t\t<div class=\"elementor-element elementor-element-0950815 elementor-widget elementor-widget-sitemap\" data-id=\"0950815\" data-element_type=\"widget\" data-e-type=\"widget\" data-widget_type=\"sitemap.default\">\n\t\t\t\t<div class=\"elementor-widget-container\">\n\t\t\t\t\t<div class=\"elementor-sitemap-wrap\"><div class=\"elementor-sitemap-section\"><h2 class=\"elementor-sitemap-title elementor-sitemap-page-title\">P\u00e1ginas<\/h2><ul class=\"elementor-sitemap-list elementor-sitemap-page-list\"><li class=\"elementor-sitemap-item elementor-sitemap-item-page page_item page-item-500\"><a href=\"https:\/\/fertiliberica.es\/ca\/politica-daccessibilitat\/\">Pol\u00edtica daccessibilitat<\/a><\/li><li class=\"elementor-sitemap-item elementor-sitemap-item-page page_item page-item-496\"><a href=\"https:\/\/fertiliberica.es\/ca\/mapa-web\/\">Mapa web<\/a><\/li><li class=\"elementor-sitemap-item elementor-sitemap-item-page page_item page-item-506\"><a href=\"https:\/\/fertiliberica.es\/ca\/politica-de-cookies\/\">Pol\u00edtica de cookies<\/a><\/li><li class=\"elementor-sitemap-item elementor-sitemap-item-page page_item page-item-492\"><a href=\"https:\/\/fertiliberica.es\/ca\/avis-legal\/\">Av\u00eds Legal<\/a><\/li><li class=\"elementor-sitemap-item elementor-sitemap-item-page page_item page-item-510\"><a href=\"https:\/\/fertiliberica.es\/ca\/politica-de-privadesa\/\">Pol\u00edtica de privadesa<\/a><\/li><\/ul><\/div><div class=\"elementor-sitemap-section\"><h2 class=\"elementor-sitemap-title elementor-sitemap-category-title\">Categor\u00edas<\/h2><span class=\"elementor-sitemap-list elementor-sitemap-category-list\">Cap<\/span><\/div><\/div>\t\t\t\t<\/div>\n\t\t\t\t<\/div>\n\t\t\t\t\t<\/div>\n\t\t<\/div>\n\t\t\t\t\t<\/div>\n\t\t<\/section>\n\t\t\t\t<\/div>\n\t\t","protected":false},"excerpt":{"rendered":"","protected":false},"author":2,"featured_media":0,"parent":0,"menu_order":0,"comment_status":"closed","ping_status":"closed","template":"","meta":{"_acf_changed":false,"inline_featured_image":false,"footnotes":""},"class_list":["post-496","page","type-page","status-publish","hentry"],"acf":[],"yoast_head":"<!-- This site is optimized with the Yoast SEO plugin v26.8 - https:\/\/yoast.com\/product\/yoast-seo-wordpress\/ -->\n<title>\u25b7Mapa web - \u3010 Fertil Ib\u00e9rica \u3011<\/title>\n<meta name=\"description\" content=\"\u2713\" \/>\n<meta name=\"robots\" content=\"noindex, nofollow\" \/>\n<meta property=\"og:locale\" content=\"ca_ES\" \/>\n<meta property=\"og:type\" content=\"article\" \/>\n<meta property=\"og:title\" content=\"\u25b7Mapa web - \u3010 Fertil Ib\u00e9rica \u3011\" \/>\n<meta property=\"og:description\" content=\"\u2713\" \/>\n<meta property=\"og:url\" content=\"https:\/\/fertiliberica.es\/ca\/mapa-web\/\" \/>\n<meta property=\"og:site_name\" content=\"Fertil Ib\u00e9rica\" \/>\n<meta property=\"article:modified_time\" content=\"2024-01-05T07:59:21+00:00\" \/>\n<meta name=\"twitter:card\" content=\"summary_large_image\" \/>\n<script type=\"application\/ld+json\" class=\"yoast-schema-graph\">{\"@context\":\"https:\/\/schema.org\",\"@graph\":[{\"@type\":\"WebPage\",\"@id\":\"https:\/\/fertiliberica.es\/ca\/mapa-web\/\",\"url\":\"https:\/\/fertiliberica.es\/ca\/mapa-web\/\",\"name\":\"\u25b7Mapa web - \u3010 Fertil Ib\u00e9rica \u3011\",\"isPartOf\":{\"@id\":\"https:\/\/fertiliberica.es\/#website\"},\"datePublished\":\"2023-06-16T13:36:36+00:00\",\"dateModified\":\"2024-01-05T07:59:21+00:00\",\"description\":\"\u2713\",\"breadcrumb\":{\"@id\":\"https:\/\/fertiliberica.es\/ca\/mapa-web\/#breadcrumb\"},\"inLanguage\":\"ca\",\"potentialAction\":[{\"@type\":\"ReadAction\",\"target\":[\"https:\/\/fertiliberica.es\/ca\/mapa-web\/\"]}]},{\"@type\":\"BreadcrumbList\",\"@id\":\"https:\/\/fertiliberica.es\/ca\/mapa-web\/#breadcrumb\",\"itemListElement\":[{\"@type\":\"ListItem\",\"position\":1,\"name\":\"Portada\",\"item\":\"https:\/\/fertiliberica.es\/\"},{\"@type\":\"ListItem\",\"position\":2,\"name\":\"Mapa web\"}]},{\"@type\":\"WebSite\",\"@id\":\"https:\/\/fertiliberica.es\/#website\",\"url\":\"https:\/\/fertiliberica.es\/\",\"name\":\"Fertil Ib\u00e9rica\",\"description\":\"T\u00e9cnicas de Reproducci\u00f3n Asistida\",\"publisher\":{\"@id\":\"https:\/\/fertiliberica.es\/#organization\"},\"potentialAction\":[{\"@type\":\"SearchAction\",\"target\":{\"@type\":\"EntryPoint\",\"urlTemplate\":\"https:\/\/fertiliberica.es\/?s={search_term_string}\"},\"query-input\":{\"@type\":\"PropertyValueSpecification\",\"valueRequired\":true,\"valueName\":\"search_term_string\"}}],\"inLanguage\":\"ca\"},{\"@type\":\"Organization\",\"@id\":\"https:\/\/fertiliberica.es\/#organization\",\"name\":\"Fertil Ib\u00e9rica\",\"url\":\"https:\/\/fertiliberica.es\/\",\"logo\":{\"@type\":\"ImageObject\",\"inLanguage\":\"ca\",\"@id\":\"https:\/\/fertiliberica.es\/#\/schema\/logo\/image\/\",\"url\":\"https:\/\/fertiliberica.es\/wp-content\/uploads\/2024\/10\/logo_fertil_iberica.png\",\"contentUrl\":\"https:\/\/fertiliberica.es\/wp-content\/uploads\/2024\/10\/logo_fertil_iberica.png\",\"width\":912,\"height\":357,\"caption\":\"Fertil Ib\u00e9rica\"},\"image\":{\"@id\":\"https:\/\/fertiliberica.es\/#\/schema\/logo\/image\/\"}}]}<\/script>\n<!-- \/ Yoast SEO plugin. -->","yoast_head_json":{"title":"\u25b7Mapa web - \u3010 Fertil Ib\u00e9rica \u3011","description":"\u2713","robots":{"index":"noindex","follow":"nofollow"},"og_locale":"ca_ES","og_type":"article","og_title":"\u25b7Mapa web - \u3010 Fertil Ib\u00e9rica \u3011","og_description":"\u2713","og_url":"https:\/\/fertiliberica.es\/ca\/mapa-web\/","og_site_name":"Fertil Ib\u00e9rica","article_modified_time":"2024-01-05T07:59:21+00:00","twitter_card":"summary_large_image","schema":{"@context":"https:\/\/schema.org","@graph":[{"@type":"WebPage","@id":"https:\/\/fertiliberica.es\/ca\/mapa-web\/","url":"https:\/\/fertiliberica.es\/ca\/mapa-web\/","name":"\u25b7Mapa web - \u3010 Fertil Ib\u00e9rica \u3011","isPartOf":{"@id":"https:\/\/fertiliberica.es\/#website"},"datePublished":"2023-06-16T13:36:36+00:00","dateModified":"2024-01-05T07:59:21+00:00","description":"\u2713","breadcrumb":{"@id":"https:\/\/fertiliberica.es\/ca\/mapa-web\/#breadcrumb"},"inLanguage":"ca","potentialAction":[{"@type":"ReadAction","target":["https:\/\/fertiliberica.es\/ca\/mapa-web\/"]}]},{"@type":"BreadcrumbList","@id":"https:\/\/fertiliberica.es\/ca\/mapa-web\/#breadcrumb","itemListElement":[{"@type":"ListItem","position":1,"name":"Portada","item":"https:\/\/fertiliberica.es\/"},{"@type":"ListItem","position":2,"name":"Mapa web"}]},{"@type":"WebSite","@id":"https:\/\/fertiliberica.es\/#website","url":"https:\/\/fertiliberica.es\/","name":"Fertil Ib\u00e9rica","description":"T\u00e9cnicas de Reproducci\u00f3n Asistida","publisher":{"@id":"https:\/\/fertiliberica.es\/#organization"},"potentialAction":[{"@type":"SearchAction","target":{"@type":"EntryPoint","urlTemplate":"https:\/\/fertiliberica.es\/?s={search_term_string}"},"query-input":{"@type":"PropertyValueSpecification","valueRequired":true,"valueName":"search_term_string"}}],"inLanguage":"ca"},{"@type":"Organization","@id":"https:\/\/fertiliberica.es\/#organization","name":"Fertil Ib\u00e9rica","url":"https:\/\/fertiliberica.es\/","logo":{"@type":"ImageObject","inLanguage":"ca","@id":"https:\/\/fertiliberica.es\/#\/schema\/logo\/image\/","url":"https:\/\/fertiliberica.es\/wp-content\/uploads\/2024\/10\/logo_fertil_iberica.png","contentUrl":"https:\/\/fertiliberica.es\/wp-content\/uploads\/2024\/10\/logo_fertil_iberica.png","width":912,"height":357,"caption":"Fertil Ib\u00e9rica"},"image":{"@id":"https:\/\/fertiliberica.es\/#\/schema\/logo\/image\/"}}]}},"_links":{"self":[{"href":"https:\/\/fertiliberica.es\/ca\/wp-json\/wp\/v2\/pages\/496","targetHints":{"allow":["GET"]}}],"collection":[{"href":"https:\/\/fertiliberica.es\/ca\/wp-json\/wp\/v2\/pages"}],"about":[{"href":"https:\/\/fertiliberica.es\/ca\/wp-json\/wp\/v2\/types\/page"}],"author":[{"embeddable":true,"href":"https:\/\/fertiliberica.es\/ca\/wp-json\/wp\/v2\/users\/2"}],"replies":[{"embeddable":true,"href":"https:\/\/fertiliberica.es\/ca\/wp-json\/wp\/v2\/comments?post=496"}],"version-history":[{"count":1,"href":"https:\/\/fertiliberica.es\/ca\/wp-json\/wp\/v2\/pages\/496\/revisions"}],"predecessor-version":[{"id":497,"href":"https:\/\/fertiliberica.es\/ca\/wp-json\/wp\/v2\/pages\/496\/revisions\/497"}],"wp:attachment":[{"href":"https:\/\/fertiliberica.es\/ca\/wp-json\/wp\/v2\/media?parent=496"}],"curies":[{"name":"wp","href":"https:\/\/api.w.org\/{rel}","templated":true}]}}